{"id":18275,"date":"2025-03-11T21:46:05","date_gmt":"2025-03-11T21:46:05","guid":{"rendered":"https:\/\/www.eurideas.com\/?page_id=18275"},"modified":"2026-02-02T11:57:34","modified_gmt":"2026-02-02T10:57:34","slug":"cookie-policy","status":"publish","type":"page","link":"https:\/\/www.eurideas.com\/de\/cookie-policy\/","title":{"rendered":"Our cookie policy"},"content":{"rendered":"<div data-elementor-type=\"wp-page\" data-elementor-id=\"18275\" class=\"elementor elementor-18275\" data-elementor-post-type=\"page\">\n\t\t\t\t<div class=\"elementor-element elementor-element-3f1d0be e-flex e-con-boxed e-con e-parent\" data-id=\"3f1d0be\" data-element_type=\"container\" data-e-type=\"container\">\n\t\t\t\t\t<div class=\"e-con-inner\">\n\t\t\t\t<div class=\"elementor-element elementor-element-ffd9f12 elementor-widget elementor-widget-heading\" data-id=\"ffd9f12\" data-element_type=\"widget\" data-e-type=\"widget\" data-widget_type=\"heading.default\">\n\t\t\t\t\t<h1 class=\"elementor-heading-title elementor-size-default\">Cookie-Richtlinie<\/h1>\t\t\t\t<\/div>\n\t\t\t\t\t<\/div>\n\t\t\t\t<\/div>\n\t\t<div class=\"elementor-element elementor-element-b3d0023 e-flex e-con-boxed e-con e-parent\" data-id=\"b3d0023\" data-element_type=\"container\" data-e-type=\"container\">\n\t\t\t\t\t<div class=\"e-con-inner\">\n\t\t\t\t<div class=\"elementor-element elementor-element-0da1fe1 elementor-widget elementor-widget-text-editor\" data-id=\"0da1fe1\" data-element_type=\"widget\" data-e-type=\"widget\" data-widget_type=\"text-editor.default\">\n\t\t\t\t\t\t\t\t\t<p><strong>Datum des Inkrafttretens: 29-Dec-2025<\/strong><br \/><strong>Zuletzt aktualisiert:29-Dec-2025<\/strong><\/p><h2><b>Was sind Cookies?<\/b><\/h2><p>In dieser Cookie-Richtlinie wird erkl\u00e4rt, was Cookies sind, wie wir sie verwenden, welche Arten von Cookies wir verwenden, welche Informationen mit den Cookies erhoben werden und wie Sie Ihre Cookie-Einstellungen verwalten k\u00f6nnen.<\/p><p>Cookies sind kleine Textdateien, die auf Ihrem Ger\u00e4t gespeichert werden, wenn eine Website in Ihrem Browser geladen wird. Sie dienen verschiedenen Zwecken: u. a. gew\u00e4hrleisten sie, dass die Website ordnungsgem\u00e4\u00df funktioniert, sie erh\u00f6hen die Sicherheit, verbessern die Benutzerfreundlichkeit und helfen uns, die Leistung unserer Website zu pr\u00fcfen und zu verbessern.<\/p><h2><b>Wie verwenden wir Cookies?<\/b><\/h2><p>Wie die meisten Websites verwenden wir sowohl Erstanbieter- als auch Drittanbieter-Cookies:<\/p><ul><li style=\"font-weight: 400;\" aria-level=\"1\"><span style=\"font-weight: 400;\">Erstanbieter-Cookies sind unerl\u00e4sslich, damit die Website ordnungsgem\u00e4\u00df funktioniert. Mit ihnen werden Informationen erhoben, mit denen Personen identifiziert werden k\u00f6nnen.<\/span><\/li><li style=\"font-weight: 400;\" aria-level=\"1\"><span style=\"font-weight: 400;\">Cookies von Drittanbietern werden verwendet, um das Nutzerverhalten zu verstehen, die Leistung der Website zu \u00fcberwachen, die Website sicher zu halten, relevante Werbung zu liefern und Ihre zuk\u00fcnftigen Interaktionen mit unserer Website zu verbessern.\u00a0<\/span><\/li><\/ul><h2><strong>Cookie-Einstellungen verwalten<\/strong><\/h2><p>Sie k\u00f6nnen Ihre Cookie-Einstellungen jederzeit \u00e4ndern, indem Sie auf die Schaltfl\u00e4che Cookie-Einstellungen klicken. Auf diese Weise k\u00f6nnen Sie das Cookie-Banner erneut aufrufen, Ihre Einstellungen \u00e4ndern oder Ihre Einwilligung ganz widerrufen.<\/p><p>Au\u00dferdem k\u00f6nnen Sie Cookies direkt \u00fcber Ihre Browsereinstellungen verwalten oder l\u00f6schen. Nachstehend finden Sie Links zu Anleitungen f\u00fcr die Verwaltung von Cookies in den am h\u00e4ufigsten verwendeten Browsern:<\/p><ul><li style=\"font-weight: 400;\" aria-level=\"1\"><span style=\"text-decoration: underline;\"><a href=\"https:\/\/support.google.com\/accounts\/answer\/32050\" target=\"_blank\" rel=\"noopener\"><span style=\"font-weight: 400;\">Chrome<\/span><\/a><\/span><\/li><li style=\"font-weight: 400;\" aria-level=\"1\"><span style=\"text-decoration: underline;\"><a href=\"https:\/\/support.apple.com\/en-in\/guide\/safari\/sfri11471\/mac\" target=\"_blank\" rel=\"noopener\"><span style=\"font-weight: 400;\">Safari<\/span><\/a><\/span><\/li><li style=\"font-weight: 400;\" aria-level=\"1\"><span style=\"text-decoration: underline;\"><a href=\"https:\/\/support.mozilla.org\/en-US\/kb\/clear-cookies-and-site-data-firefox\" target=\"_blank\" rel=\"noopener\"><span style=\"font-weight: 400;\">Firefox<\/span><\/a><\/span><\/li><li style=\"font-weight: 400;\" aria-level=\"1\"><span style=\"text-decoration: underline;\"><a href=\"https:\/\/support.microsoft.com\/en-us\/topic\/how-to-delete-cookie-files-in-internet-explorer-bca9446f-d873-78de-77ba-d42645fa52fc\" target=\"_blank\" rel=\"noopener\"><span style=\"font-weight: 400;\">Internet Explorer<\/span><\/a><\/span><\/li><\/ul><p><span style=\"font-weight: 400;\">Wenn Sie einen anderen Browser verwenden, lesen Sie bitte die offizielle Support-Dokumentation.<\/span><\/p>\t\t\t\t\t\t\t\t<\/div>\n\t\t\t\t\t<\/div>\n\t\t\t\t<\/div>\n\t\t\t\t<\/div>","protected":false},"excerpt":{"rendered":"<p>Cookie Policy Effective Date: 12-Mar-2025Last Updated: 29-Dec-2025 What are cookies? This Cookie Policy explains what cookies are, how we use them, the types of cookies we use, the information they collect, and how you can manage your cookie preferences. Cookies are small text files that are stored on your device when a website is loaded [&hellip;]<\/p>\n","protected":false},"author":1,"featured_media":0,"parent":0,"menu_order":19,"comment_status":"closed","ping_status":"closed","template":"","meta":{"inline_featured_image":false,"footnotes":""},"class_list":["post-18275","page","type-page","status-publish","hentry"],"_links":{"self":[{"href":"https:\/\/www.eurideas.com\/de\/wp-json\/wp\/v2\/pages\/18275","targetHints":{"allow":["GET"]}}],"collection":[{"href":"https:\/\/www.eurideas.com\/de\/wp-json\/wp\/v2\/pages"}],"about":[{"href":"https:\/\/www.eurideas.com\/de\/wp-json\/wp\/v2\/types\/page"}],"author":[{"embeddable":true,"href":"https:\/\/www.eurideas.com\/de\/wp-json\/wp\/v2\/users\/1"}],"replies":[{"embeddable":true,"href":"https:\/\/www.eurideas.com\/de\/wp-json\/wp\/v2\/comments?post=18275"}],"version-history":[{"count":22,"href":"https:\/\/www.eurideas.com\/de\/wp-json\/wp\/v2\/pages\/18275\/revisions"}],"predecessor-version":[{"id":23781,"href":"https:\/\/www.eurideas.com\/de\/wp-json\/wp\/v2\/pages\/18275\/revisions\/23781"}],"wp:attachment":[{"href":"https:\/\/www.eurideas.com\/de\/wp-json\/wp\/v2\/media?parent=18275"}],"curies":[{"name":"wp","href":"https:\/\/api.w.org\/{rel}","templated":true}]}}