{"id":3,"date":"2024-10-28T18:09:02","date_gmt":"2024-10-28T18:09:02","guid":{"rendered":"https:\/\/eurideas.com\/?page_id=3"},"modified":"2026-02-02T11:53:26","modified_gmt":"2026-02-02T10:53:26","slug":"privacy-policy","status":"publish","type":"page","link":"https:\/\/www.eurideas.com\/de\/privacy-policy\/","title":{"rendered":"Our privacy policy"},"content":{"rendered":"<div data-elementor-type=\"wp-page\" data-elementor-id=\"3\" class=\"elementor elementor-3\" data-elementor-post-type=\"page\">\n\t\t\t\t<div class=\"elementor-element elementor-element-59d392f e-flex e-con-boxed e-con e-parent\" data-id=\"59d392f\" data-element_type=\"container\" data-e-type=\"container\">\n\t\t\t\t\t<div class=\"e-con-inner\">\n\t\t\t\t<div class=\"elementor-element elementor-element-a0f2ce1 elementor-widget elementor-widget-heading\" data-id=\"a0f2ce1\" data-element_type=\"widget\" data-e-type=\"widget\" data-widget_type=\"heading.default\">\n\t\t\t\t\t<h1 class=\"elementor-heading-title elementor-size-default\">Unsere Datenschutzrichtlinie<\/h1>\t\t\t\t<\/div>\n\t\t\t\t<div class=\"elementor-element elementor-element-b74cd6b elementor-widget elementor-widget-text-editor\" data-id=\"b74cd6b\" data-element_type=\"widget\" data-e-type=\"widget\" data-widget_type=\"text-editor.default\">\n\t\t\t\t\t\t\t\t\t<p><strong>Zuletzt aktualisiert am 31.08.2025<br \/><\/strong><strong>Datum des Inkrafttretens 31.08.2025<\/strong><\/p>\t\t\t\t\t\t\t\t<\/div>\n\t\t\t\t\t<\/div>\n\t\t\t\t<\/div>\n\t\t<div class=\"elementor-element elementor-element-8af009d e-flex e-con-boxed e-con e-parent\" data-id=\"8af009d\" data-element_type=\"container\" data-e-type=\"container\">\n\t\t\t\t\t<div class=\"e-con-inner\">\n\t\t\t\t<div class=\"elementor-element elementor-element-6faf065 elementor-widget elementor-widget-text-editor\" data-id=\"6faf065\" data-element_type=\"widget\" data-e-type=\"widget\" data-widget_type=\"text-editor.default\">\n\t\t\t\t\t\t\t\t\tDiese Datenschutzrichtlinie erkl\u00e4rt, wie Eurideas Kft. (Horv\u00e1t u. 14-24., Budapest 1027, Ungarn, E-Mail: translation@eurideastranslation.com, Telefon: +36 1 505 8840) Ihre pers\u00f6nlichen Daten erhebt, verwendet und sch\u00fctzt, wenn Sie unsere Website https:\/\/www.eurideas.com (die \"Dienstleistung\") nutzen. Durch die Nutzung unserer Website erkl\u00e4ren Sie sich mit den Bedingungen dieser Datenschutzrichtlinie einverstanden. Wenn Sie nicht einverstanden sind, nutzen Sie die Dienstleistung bitte nicht.\n\nGegebenenfalls aktualisieren wir diese Datenschutzrichtlinie von Zeit zu Zeit. \u00c4nderungen werden 180 Tage nach ihrer Ver\u00f6ffentlichung wirksam. Wir empfehlen, diese Seite regelm\u00e4\u00dfig auf Aktualisierungen zu \u00fcberpr\u00fcfen.\n\t\t\t\t\t\t\t\t<\/div>\n\t\t\t\t\t<\/div>\n\t\t\t\t<\/div>\n\t\t<div class=\"elementor-element elementor-element-d0e8631 e-flex e-con-boxed e-con e-parent\" data-id=\"d0e8631\" data-element_type=\"container\" data-e-type=\"container\">\n\t\t\t\t\t<div class=\"e-con-inner\">\n\t\t\t\t<div class=\"elementor-element elementor-element-fa995c7 elementor-widget elementor-widget-heading\" data-id=\"fa995c7\" data-element_type=\"widget\" data-e-type=\"widget\" data-widget_type=\"heading.default\">\n\t\t\t\t\t<h2 class=\"elementor-heading-title elementor-size-default\">1. Wann erheben wir personenbezogene Daten?<\/h2>\t\t\t\t<\/div>\n\t\t\t\t\t<\/div>\n\t\t\t\t<\/div>\n\t\t<div class=\"elementor-element elementor-element-4e8cd10 e-flex e-con-boxed e-con e-parent\" data-id=\"4e8cd10\" data-element_type=\"container\" data-e-type=\"container\">\n\t\t\t\t\t<div class=\"e-con-inner\">\n\t\t\t\t<div class=\"elementor-element elementor-element-76fe512 elementor-widget elementor-widget-text-editor\" data-id=\"76fe512\" data-element_type=\"widget\" data-e-type=\"widget\" data-widget_type=\"text-editor.default\">\n\t\t\t\t\t\t\t\t\t<p>In den folgenden F\u00e4llen erheben wir personenbezogene Daten direkt von Ihnen, von Ihrer Organisation und aus \u00f6ffentlichen Quellen (z. B. \u00f6ffentlichen Datenbanken und Websites): <br \/>Wenn Sie oder Ihre Organisation unsere \u00dcbersetzungsdienste in Anspruch nehmen; <br \/>Wenn Sie eine Anfrage senden oder ein Angebot einholen; <br \/>Wenn Sie bei einer Veranstaltung Informationen bereitstellen; <br \/>Wenn Sie sich auf eine Stelle oder als freiberuflicher Mitarbeiter bewerben; <br \/>Wenn Sie uns Dienstleistungen anbieten oder zur Verf\u00fcgung stellen; <br \/>Wenn wir Sie \u00fcber \u00f6ffentliche Quellen als potenziellen Dienstleister oder Kunden identifizieren.<\/p>\t\t\t\t\t\t\t\t<\/div>\n\t\t\t\t<div class=\"elementor-element elementor-element-a244f07 elementor-widget elementor-widget-heading\" data-id=\"a244f07\" data-element_type=\"widget\" data-e-type=\"widget\" data-widget_type=\"heading.default\">\n\t\t\t\t\t<h2 class=\"elementor-heading-title elementor-size-default\">2. Rechtsgrundlage f\u00fcr die Verarbeitung <\/h2>\t\t\t\t<\/div>\n\t\t\t\t<div class=\"elementor-element elementor-element-52550b9 elementor-widget elementor-widget-text-editor\" data-id=\"52550b9\" data-element_type=\"widget\" data-e-type=\"widget\" data-widget_type=\"text-editor.default\">\n\t\t\t\t\t\t\t\t\t<p>Wir verarbeiten Ihre Daten zu folgenden Zwecken:<\/p>\n<ul>\n<li>Vertragliche Notwendigkeit (z. B. zur Erbringung unserer Dienstleistungen oder zur Beantwortung von Anfragen);<\/li>\n<li>Unsere berechtigten Interessen, sofern diese nicht Ihre Grundrechte verletzen.<\/li>\n<\/ul>\t\t\t\t\t\t\t\t<\/div>\n\t\t\t\t<div class=\"elementor-element elementor-element-d9d019c elementor-widget elementor-widget-heading\" data-id=\"d9d019c\" data-element_type=\"widget\" data-e-type=\"widget\" data-widget_type=\"heading.default\">\n\t\t\t\t\t<h2 class=\"elementor-heading-title elementor-size-default\">3. Welche Daten erheben wir und warum?\n<\/h2>\t\t\t\t<\/div>\n\t\t\t\t<div class=\"elementor-element elementor-element-fa14ba5 elementor-widget elementor-widget-text-editor\" data-id=\"fa14ba5\" data-element_type=\"widget\" data-e-type=\"widget\" data-widget_type=\"text-editor.default\">\n\t\t\t\t\t\t\t\t\t<p>Wir erheben gegebenenfalls die folgenden personenbezogenen Daten:<\/p>\n<ul>\n<li>Kontaktinformationen: Name, Berufsbezeichnung, Arbeitsanschrift und E-Mail;<\/li>\n<li>Finanzdaten: Bankdaten und Registrierungsdaten Ihres Unternehmens;<\/li>\n<li>Marketingdaten: Branche und Dienstleistungspr\u00e4ferenzen;<\/li>\n<li>Daten im Rahmen von Bewerbungen: Lebensl\u00e4ufe, Diplome, Zeugnisse (falls zutreffend).<\/li>\n<\/ul>\n<p><br \/>Wir erheben keine sensiblen personenbezogenen Daten (z. B. Gesundheitsinformationen).<\/p>\n<p>Wenn Sie Daten \u00fcber eine andere Person zur Verf\u00fcgung stellen, stellen Sie bitte sicher, dass Sie das Recht haben, diese Daten an uns weiterzugeben.<\/p>\n<p>Wir verwenden Ihre Daten, um:<\/p>\n<ul>\n<li>Vertr\u00e4ge zu schlie\u00dfen und zu erf\u00fcllen (als Kunde, Partner oder Mitarbeiter);<\/li>\n<li>\u00dcbersetzungs- und verwandten Dienstleistungen zu erbringen;<\/li>\n<li>Rechnungsstellung und Kommunikation abzuwickeln;<\/li>\n<li>Unsere Dienstleistungen und Kommunikation zu verbessern (z. B. durch Bitten um Feedback);<\/li>\n<li>Ihnen relevante Aktualisierungen oder Marketingangebote zu senden (Sie k\u00f6nnen sich jederzeit abmelden);<\/li>\n<li>Bewerber oder Dienstleister zu bewerten.<\/li>\n<\/ul>\n<p><br \/>Wir speichern Ihre personenbezogenen Daten f\u00fcr bis zu sechs Jahre nach Beendigung unseres Vertragsverh\u00e4ltnisses und beachten dabei die geltenden Gesetze und Vorschriften.<\/p>\n<p>Werden Ihre personenbezogenen Daten f\u00fcr Zwecke der Direktwerbung verarbeitet, so haben Sie das Recht, jederzeit und unentgeltlich Widerspruch gegen diese Verarbeitung einzulegen. Die Rechtm\u00e4\u00dfigkeit der auf einer Einwilligung beruhenden Verarbeitung vor deren Widerruf bleibt davon unber\u00fchrt.<\/p>\n<p>Wir setzen keine automatisierten Verfahren zur Datenverarbeitung, Entscheidungsfindung oder Profilerstellung.<\/p>\n<p>Zum Schutz Ihrer pers\u00f6nlichen Daten ergreift Eurideas angemessene technische und organisatorische Ma\u00dfnahmen, um den Zugriff unbefugter Personen auf Ihre personenbezogenen Daten oder deren Offenlegung zu verhindern. Mit Ausnahme unserer Mitarbeiter, die vertragliche Verpflichtungen f\u00fcr Sie erf\u00fcllen, werden Ihre personenbezogenen Daten nur auf einer strikten Need-to-know-Basis an unsere Kunden\/Auftragnehmer weitergegeben (z. B. die Namen und Kontaktdaten von Dolmetschern an Kunden und die Namen und Kontaktdaten von Kunden an Dolmetscher).<\/p>\n<p>Wir geben Ihre personenbezogenen Daten nicht an Dritte weiter, es sei denn, dies ist nach geltendem Recht oder zur Begr\u00fcndung, Aus\u00fcbung oder Verteidigung von Rechtsanspr\u00fcchen erforderlich.<\/p>\t\t\t\t\t\t\t\t<\/div>\n\t\t\t\t<div class=\"elementor-element elementor-element-6581d4a elementor-widget elementor-widget-heading\" data-id=\"6581d4a\" data-element_type=\"widget\" data-e-type=\"widget\" data-widget_type=\"heading.default\">\n\t\t\t\t\t<h2 class=\"elementor-heading-title elementor-size-default\">4. Weitergabe und Schutz von Daten\n<\/h2>\t\t\t\t<\/div>\n\t\t\t\t<div class=\"elementor-element elementor-element-6eb5f87 elementor-widget elementor-widget-text-editor\" data-id=\"6eb5f87\" data-element_type=\"widget\" data-e-type=\"widget\" data-widget_type=\"text-editor.default\">\n\t\t\t\t\t\t\t\t\t<p>Der f\u00fcr die Verarbeitung personenbezogener Daten Verantwortliche ist Eurideas Kft., 1027 Budapest, Horv\u00e1t u. 14-24, Ungarn. Bei Fragen zur Verarbeitung personenbezogener Daten k\u00f6nnen sich die betroffenen Personen an folgende Adresse wenden: translation@eurideastranslation.com.<\/p>\n<p>Wir geben personenbezogene Daten nur in folgenden F\u00e4llen weiter:<\/p>\n<ul>\n<li>An unsere interne Teams oder Partner auf einer Need-to-know-Basis (z. B. werden die Namen von Dolmetschern an Kunden weitergegeben);<\/li>\n<li>Wenn dies gesetzlich vorgeschrieben oder zur Verteidigung von Rechtsanspr\u00fcchen notwendig ist.<\/li>\n<\/ul>\n<p><br \/>Wir verkaufen in keinem Fall Ihre Daten.<\/p>\n<p>Ihre Daten werden innerhalb der EU in unseren B\u00fcros in Ungarn, Belgien und Deutschland verarbeitet.<\/p>\n<p>Wir treffen angemessene technische und organisatorische Ma\u00dfnahmen, um Ihre Daten vor unbefugtem Zugriff oder Offenlegung zu sch\u00fctzen.<\/p>\t\t\t\t\t\t\t\t<\/div>\n\t\t\t\t<div class=\"elementor-element elementor-element-8f7681c elementor-widget elementor-widget-heading\" data-id=\"8f7681c\" data-element_type=\"widget\" data-e-type=\"widget\" data-widget_type=\"heading.default\">\n\t\t\t\t\t<h2 class=\"elementor-heading-title elementor-size-default\">5. Ihre Rechte <\/h2>\t\t\t\t<\/div>\n\t\t\t\t<div class=\"elementor-element elementor-element-87e9651 elementor-widget elementor-widget-text-editor\" data-id=\"87e9651\" data-element_type=\"widget\" data-e-type=\"widget\" data-widget_type=\"text-editor.default\">\n\t\t\t\t\t\t\t\t\t<p>Sie haben in Bezug auf Ihre personenbezogenen Daten die folgenden Rechte:<\/p>\t\t\t\t\t\t\t\t<\/div>\n\t\t\t\t<div class=\"elementor-element elementor-element-20d5a29 elementor-widget elementor-widget-heading\" data-id=\"20d5a29\" data-element_type=\"widget\" data-e-type=\"widget\" data-widget_type=\"heading.default\">\n\t\t\t\t\t<h5 class=\"elementor-heading-title elementor-size-default\">5a. Recht auf Zugang<\/h5>\t\t\t\t<\/div>\n\t\t\t\t<div class=\"elementor-element elementor-element-0015b7d elementor-widget elementor-widget-text-editor\" data-id=\"0015b7d\" data-element_type=\"widget\" data-e-type=\"widget\" data-widget_type=\"text-editor.default\">\n\t\t\t\t\t\t\t\t\t<p>Sie haben das Recht, Auskunft \u00fcber Ihre Daten und deren Verwendung zu verlangen:<\/p><p>\u2013 die Zwecke der Verarbeitung;<\/p><p>\u2013 um welche personenbezogenen Daten es sich handelt;<\/p><p>\u2013 den vorgesehenen Zeitraum, f\u00fcr den die personenbezogenen Daten gespeichert werden, oder die Kriterien, nach denen dieser Zeitraum bestimmt wird;<\/p><p>\u2013 ob sie berechtigt sind, die Berichtigung oder L\u00f6schung personenbezogener Daten oder die Einschr\u00e4nkung der Verarbeitung zu verlangen oder einer solchen Verarbeitung zu widersprechen;<\/p><p>\u2013 das Recht, bei einer Aufsichtsbeh\u00f6rde eine Beschwerde einzureichen;<\/p><p>\u2013 wenn die personenbezogenen Daten nicht direkt bei Ihnen erhoben wurden, habe Sie das Recht auf Informationen \u00fcber ihre Herkunft.<\/p><p>Sie haben das Recht, auf Anfrage unentgeltlich eine Kopie Ihrer personenbezogenen Daten, die Gegenstand der Verarbeitung sind, zu erhalten, sofern dadurch nicht die Rechte und Freiheiten anderer beeintr\u00e4chtigen werden. Wenn Sie diese Anfrage auf elektronischem Wege stellen, werden die Informationen, sofern Sie nichts anderes angeben, in einem g\u00e4ngigen elektronischen Format bereitgestellt.<\/p>\t\t\t\t\t\t\t\t<\/div>\n\t\t\t\t<div class=\"elementor-element elementor-element-7ef3aad elementor-widget elementor-widget-heading\" data-id=\"7ef3aad\" data-element_type=\"widget\" data-e-type=\"widget\" data-widget_type=\"heading.default\">\n\t\t\t\t\t<h5 class=\"elementor-heading-title elementor-size-default\">5b. Recht auf Berichtigung<\/h5>\t\t\t\t<\/div>\n\t\t\t\t<div class=\"elementor-element elementor-element-5317c97 elementor-widget elementor-widget-text-editor\" data-id=\"5317c97\" data-element_type=\"widget\" data-e-type=\"widget\" data-widget_type=\"text-editor.default\">\n\t\t\t\t\t\t\t\t\tSie k\u00f6nnen verlangen, dass wir ungenaue oder unvollst\u00e4ndige Daten berichtigen.\t\t\t\t\t\t\t\t<\/div>\n\t\t\t\t<div class=\"elementor-element elementor-element-c4a2790 elementor-widget elementor-widget-heading\" data-id=\"c4a2790\" data-element_type=\"widget\" data-e-type=\"widget\" data-widget_type=\"heading.default\">\n\t\t\t\t\t<h5 class=\"elementor-heading-title elementor-size-default\">5c. Recht auf L\u00f6schung (\"Recht auf Vergessenwerden\")<\/h5>\t\t\t\t<\/div>\n\t\t\t\t<div class=\"elementor-element elementor-element-a3ded56 elementor-widget elementor-widget-text-editor\" data-id=\"a3ded56\" data-element_type=\"widget\" data-e-type=\"widget\" data-widget_type=\"text-editor.default\">\n\t\t\t\t\t\t\t\t\tSie haben das Recht, von uns die unverz\u00fcgliche L\u00f6schung der Sie betreffenden personenbezogenen Daten zu verlangen. Wir sind verpflichtet, personenbezogene Daten unverz\u00fcglich zu l\u00f6schen, sofern einer der folgenden Gr\u00fcnde vorliegt:\n\u2013 die personenbezogenen Daten sind f\u00fcr die Zwecke, f\u00fcr die sie erhoben oder anderweitig verarbeitet wurden, nicht mehr erforderlich;\n\u2013 sie widerrufen Ihre Einwilligung, auf die sich die Verarbeitung st\u00fctzt, und es gibt keine andere Rechtsgrundlage f\u00fcr die Datenverarbeitung;\n\u2013 sie widersprechen der Verarbeitung Ihrer Daten zu Zwecken der Direktwerbung und es liegen keine vorrangigen berechtigten Gr\u00fcnde f\u00fcr die Fortsetzung der Verarbeitung vor;\n\u2013 ihre personenbezogenen Daten wurden unrechtm\u00e4\u00dfig verarbeitet.\nIhre oben genannten Rechte gelten nicht, wenn die Verarbeitung zur Erf\u00fcllung einer rechtlichen Verpflichtung nach dem Unionsrecht oder dem Recht der Mitgliedstaaten, dem wir unterliegen, oder zur Begr\u00fcndung, Aus\u00fcbung oder Verteidigung von Rechtsanspr\u00fcchen erforderlich ist.\t\t\t\t\t\t\t\t<\/div>\n\t\t\t\t<div class=\"elementor-element elementor-element-c72256d elementor-widget elementor-widget-heading\" data-id=\"c72256d\" data-element_type=\"widget\" data-e-type=\"widget\" data-widget_type=\"heading.default\">\n\t\t\t\t\t<h5 class=\"elementor-heading-title elementor-size-default\">5d.) Recht auf Einschr\u00e4nkung der Verarbeitung<\/h5>\t\t\t\t<\/div>\n\t\t\t\t<div class=\"elementor-element elementor-element-e3df887 elementor-widget elementor-widget-text-editor\" data-id=\"e3df887\" data-element_type=\"widget\" data-e-type=\"widget\" data-widget_type=\"text-editor.default\">\n\t\t\t\t\t\t\t\t\t<p>Sie k\u00f6nnen unter folgenden Bedingungen verlangen, dass die Verwendung Ihrer Daten eingeschr\u00e4nkt wird:<\/p><p>\u2013 die Richtigkeit der personenbezogenen Daten wird von Ihnen bestritten (f\u00fcr den Zeitraum, den wir ben\u00f6tigen, um die Richtigkeit Ihrer personenbezogenen Daten zu \u00fcberpr\u00fcfen);<\/p><p>\u2013 die Verarbeitung ist unrechtm\u00e4\u00dfig und Sie widersprechen der L\u00f6schung der personenbezogenen Daten und verlangen stattdessen die Einschr\u00e4nkung ihrer Verwendung;<\/p><p>\u2013 wir ben\u00f6tigen die personenbezogenen Daten nicht l\u00e4nger f\u00fcr die Zwecke der Verarbeitung, Sie ben\u00f6tigen die Daten jedoch f\u00fcr die Geltendmachung, Aus\u00fcbung oder Verteidigung von Rechtsanspr\u00fcchen.<\/p><p>Wurde die Verarbeitung in einem der oben genannten F\u00e4lle eingeschr\u00e4nkt, so werden diese personenbezogenen Daten - mit Ausnahme der Speicherung - nur mit Ihrer Einwilligung oder zur Geltendmachung, Aus\u00fcbung oder Verteidigung von Rechtsanspr\u00fcchen verarbeitet.<\/p><p>Wenn Sie eine Einschr\u00e4nkung der Verarbeitung gem\u00e4\u00df den oben genannten Bestimmungen erwirkt haben, werden wir Sie informieren, bevor die Einschr\u00e4nkung aufgehoben wird.<\/p>\t\t\t\t\t\t\t\t<\/div>\n\t\t\t\t<div class=\"elementor-element elementor-element-dcd4ebb elementor-widget elementor-widget-heading\" data-id=\"dcd4ebb\" data-element_type=\"widget\" data-e-type=\"widget\" data-widget_type=\"heading.default\">\n\t\t\t\t\t<h5 class=\"elementor-heading-title elementor-size-default\">5e. Recht auf Daten\u00fcbertragbarkeit<\/h5>\t\t\t\t<\/div>\n\t\t\t\t<div class=\"elementor-element elementor-element-756eb12 elementor-widget elementor-widget-text-editor\" data-id=\"756eb12\" data-element_type=\"widget\" data-e-type=\"widget\" data-widget_type=\"text-editor.default\">\n\t\t\t\t\t\t\t\t\t<p>Wenn Ihre personenbezogenen Daten auf der Grundlage Ihrer Einwilligung oder zur Erf\u00fcllung eines Vertrags mit Ihnen verarbeitet werden, haben Sie das Recht, die Sie betreffenden personenbezogenen Daten, die Sie uns zur Verf\u00fcgung gestellt haben, in einem strukturierten, g\u00e4ngigen und maschinenlesbaren Format zu erhalten. Sie haben auch das Recht, diese Daten an einen anderen f\u00fcr die Verarbeitung Verantwortlichen zu \u00fcbermitteln, ohne dass wir Sie dabei behindern.<\/p>\t\t\t\t\t\t\t\t<\/div>\n\t\t\t\t<div class=\"elementor-element elementor-element-19af530 elementor-widget elementor-widget-heading\" data-id=\"19af530\" data-element_type=\"widget\" data-e-type=\"widget\" data-widget_type=\"heading.default\">\n\t\t\t\t\t<h5 class=\"elementor-heading-title elementor-size-default\">5f. Recht auf Widerspruch<\/h5>\t\t\t\t<\/div>\n\t\t\t\t<div class=\"elementor-element elementor-element-0faec32 elementor-widget elementor-widget-text-editor\" data-id=\"0faec32\" data-element_type=\"widget\" data-e-type=\"widget\" data-widget_type=\"text-editor.default\">\n\t\t\t\t\t\t\t\t\tSie haben das Recht, aus Gr\u00fcnden, die sich aus Ihrer individuellen Situation ergeben, jederzeit der Verarbeitung der Sie betreffenden personenbezogenen Daten zu widersprechen, auch wenn diese Verarbeitung auf der Grundlage berechtigter Interessen erfolgt, die von uns oder einem Dritten verfolgt werden. Wir werden die personenbezogenen Daten nicht weiter verarbeiten, es sei denn, wir k\u00f6nnen nachweisen, dass zwingende berechtigte Gr\u00fcnde f\u00fcr die Verarbeitung bestehen, die die Interessen, Rechte und Freiheiten der betroffenen Person \u00fcberwiegen, oder die Verarbeitung f\u00fcr die Geltendmachung, Aus\u00fcbung oder Verteidigung von Rechtsanspr\u00fcchen erforderlich ist.\nWerden personenbezogene Daten f\u00fcr Zwecke der Direktwerbung verarbeitet, so haben Sie das Recht, jederzeit Widerspruch gegen die Verarbeitung dieser personenbezogenen Daten zum Zwecke der Direktwerbung einzulegen.\t\t\t\t\t\t\t\t<\/div>\n\t\t\t\t<div class=\"elementor-element elementor-element-9dd3451 elementor-widget elementor-widget-heading\" data-id=\"9dd3451\" data-element_type=\"widget\" data-e-type=\"widget\" data-widget_type=\"heading.default\">\n\t\t\t\t\t<h2 class=\"elementor-heading-title elementor-size-default\">6. Cookies<\/h2>\t\t\t\t<\/div>\n\t\t\t\t<div class=\"elementor-element elementor-element-d6be251 elementor-widget elementor-widget-text-editor\" data-id=\"d6be251\" data-element_type=\"widget\" data-e-type=\"widget\" data-widget_type=\"text-editor.default\">\n\t\t\t\t\t\t\t\t\t<p><span style=\"font-weight: 400;\">Einzelheiten zu unserer Verwendung von Cookies und Tracking-Technologien finden Sie in unserer Cookie-Richtlinie.\u00a0<\/span><strong><span style=\"text-decoration: underline;\"><a href=\"https:\/\/www.eurideas.com\/de\/cookie-policy\/\">Cookie Policy.<\/a><\/span><\/strong><\/p>\t\t\t\t\t\t\t\t<\/div>\n\t\t\t\t<div class=\"elementor-element elementor-element-7652376 elementor-widget elementor-widget-heading\" data-id=\"7652376\" data-element_type=\"widget\" data-e-type=\"widget\" data-widget_type=\"heading.default\">\n\t\t\t\t\t<h2 class=\"elementor-heading-title elementor-size-default\">7. Sicherheit<\/h2>\t\t\t\t<\/div>\n\t\t\t\t<div class=\"elementor-element elementor-element-633f7be elementor-widget elementor-widget-text-editor\" data-id=\"633f7be\" data-element_type=\"widget\" data-e-type=\"widget\" data-widget_type=\"text-editor.default\">\n\t\t\t\t\t\t\t\t\t<p>Wir ergreifen angemessene Sicherheitsma\u00dfnahmen, um Ihre personenbezogenen Daten zu sch\u00fctzen. Bitte beachten Sie jedoch, dass keine Methode der \u00dcbertragung oder Speicherung zu 100 Prozent sicher ist. Die \u00dcbermittlung Ihrer Daten erfolgt auf eigenes Risiko.<\/p>\t\t\t\t\t\t\t\t<\/div>\n\t\t\t\t<div class=\"elementor-element elementor-element-58a5ae2 elementor-widget elementor-widget-heading\" data-id=\"58a5ae2\" data-element_type=\"widget\" data-e-type=\"widget\" data-widget_type=\"heading.default\">\n\t\t\t\t\t<h2 class=\"elementor-heading-title elementor-size-default\">Kontakt<\/h2>\t\t\t\t<\/div>\n\t\t\t\t<div class=\"elementor-element elementor-element-a906db7 elementor-widget elementor-widget-text-editor\" data-id=\"a906db7\" data-element_type=\"widget\" data-e-type=\"widget\" data-widget_type=\"text-editor.default\">\n\t\t\t\t\t\t\t\t\t<p>Wenn Sie Fragen oder Bedenken bez\u00fcglich dieser Richtlinie oder Ihrer Daten haben, kontaktieren Sie uns bitte unter<\/p><p><a href=\"mailto:translation@eurideastranslation.com\"><strong> translation@eurideastranslation.com<\/strong><\/a><\/p><p>Wir werden Ihnen gem\u00e4\u00df den geltenden gesetzlichen Bestimmungen antworten.<\/p>\t\t\t\t\t\t\t\t<\/div>\n\t\t\t\t\t<\/div>\n\t\t\t\t<\/div>\n\t\t\t\t<\/div>","protected":false},"excerpt":{"rendered":"<p>Privacy Policy Last Updated On 31-08-2025Effective Date 31-08-2025 This Privacy Policy explains how Eurideas Kft. (Horv\u00e1t u. 14\u201324., Budapest 1027, Hungary, email: translation@eurideastranslation.com, phone: +36 1 505 8840) collects, uses and protects your personal data when you use our website: https:\/\/www.eurideas.com. (the \u201cService\u201d). By using our website, you agree to the terms of this Privacy [&hellip;]<\/p>\n","protected":false},"author":1,"featured_media":0,"parent":0,"menu_order":14,"comment_status":"closed","ping_status":"closed","template":"","meta":{"inline_featured_image":false,"footnotes":""},"class_list":["post-3","page","type-page","status-publish","hentry"],"_links":{"self":[{"href":"https:\/\/www.eurideas.com\/de\/wp-json\/wp\/v2\/pages\/3","targetHints":{"allow":["GET"]}}],"collection":[{"href":"https:\/\/www.eurideas.com\/de\/wp-json\/wp\/v2\/pages"}],"about":[{"href":"https:\/\/www.eurideas.com\/de\/wp-json\/wp\/v2\/types\/page"}],"author":[{"embeddable":true,"href":"https:\/\/www.eurideas.com\/de\/wp-json\/wp\/v2\/users\/1"}],"replies":[{"embeddable":true,"href":"https:\/\/www.eurideas.com\/de\/wp-json\/wp\/v2\/comments?post=3"}],"version-history":[{"count":10,"href":"https:\/\/www.eurideas.com\/de\/wp-json\/wp\/v2\/pages\/3\/revisions"}],"predecessor-version":[{"id":23775,"href":"https:\/\/www.eurideas.com\/de\/wp-json\/wp\/v2\/pages\/3\/revisions\/23775"}],"wp:attachment":[{"href":"https:\/\/www.eurideas.com\/de\/wp-json\/wp\/v2\/media?parent=3"}],"curies":[{"name":"wp","href":"https:\/\/api.w.org\/{rel}","templated":true}]}}