{"id":5333,"date":"2025-12-15T07:25:00","date_gmt":"2025-12-15T06:25:00","guid":{"rendered":"http:\/\/augmentedcommunity.com\/eurideastranslation\/?page_id=7"},"modified":"2026-01-15T20:47:14","modified_gmt":"2026-01-15T19:47:14","slug":"services","status":"publish","type":"page","link":"https:\/\/www.eurideas.com\/de\/services\/","title":{"rendered":"Leistungen"},"content":{"rendered":"<div data-elementor-type=\"wp-page\" data-elementor-id=\"5333\" class=\"elementor elementor-5333\" data-elementor-post-type=\"page\">\n\t\t\t\t<div class=\"elementor-element elementor-element-8aa7dae e-flex e-con-boxed e-con e-parent\" data-id=\"8aa7dae\" data-element_type=\"container\" data-e-type=\"container\" data-settings=\"{&quot;background_background&quot;:&quot;classic&quot;}\">\n\t\t\t\t\t<div class=\"e-con-inner\">\n\t\t\t\t<div class=\"elementor-element elementor-element-380b19a elementor-widget elementor-widget-heading\" data-id=\"380b19a\" data-element_type=\"widget\" data-e-type=\"widget\" data-widget_type=\"heading.default\">\n\t\t\t\t\t<h2 class=\"elementor-heading-title elementor-size-default\">Unsere Leistungen<\/h2>\t\t\t\t<\/div>\n\t\t\t\t<div class=\"elementor-element elementor-element-1f3f435 elementor-widget elementor-widget-text-editor\" data-id=\"1f3f435\" data-element_type=\"widget\" data-e-type=\"widget\" data-widget_type=\"text-editor.default\">\n\t\t\t\t\t\t\t\t\tUmfassende L\u00f6sungen f\u00fcr \u00dcbersetzung, globale Kommunikation und Content-Services, ma\u00dfgeschneidert auf Ihre individuellen Anforderungen, um Sprach- und Kulturbarrieren effektiv zu \u00fcberbr\u00fccken.\t\t\t\t\t\t\t\t<\/div>\n\t\t<div class=\"elementor-element elementor-element-0a7e205 e-grid e-con-full e-con e-child\" data-id=\"0a7e205\" data-element_type=\"container\" data-e-type=\"container\">\n\t\t<div class=\"elementor-element elementor-element-8d48753 e-con-full animated-fast e-flex elementor-invisible e-con e-child\" data-id=\"8d48753\" data-element_type=\"container\" data-e-type=\"container\" data-settings=\"{&quot;background_background&quot;:&quot;classic&quot;,&quot;animation&quot;:&quot;fadeInUp&quot;,&quot;animation_mobile&quot;:&quot;fadeInRight&quot;}\">\n\t\t\t\t<div class=\"elementor-element elementor-element-343c196 elementor-position-top elementor-widget elementor-widget-image-box\" data-id=\"343c196\" data-element_type=\"widget\" data-e-type=\"widget\" data-widget_type=\"image-box.default\">\n\t\t\t\t\t<div class=\"elementor-image-box-wrapper\"><figure class=\"elementor-image-box-img\"><img fetchpriority=\"high\" decoding=\"async\" width=\"500\" height=\"500\" src=\"https:\/\/www.eurideas.com\/wp-content\/uploads\/2025\/12\/translation-icon3.webp\" class=\"attachment-full size-full wp-image-22200\" alt=\"\" srcset=\"https:\/\/www.eurideas.com\/wp-content\/uploads\/2025\/12\/translation-icon3.webp 500w, https:\/\/www.eurideas.com\/wp-content\/uploads\/2025\/12\/translation-icon3-300x300.webp 300w, https:\/\/www.eurideas.com\/wp-content\/uploads\/2025\/12\/translation-icon3-150x150.webp 150w\" sizes=\"(max-width: 500px) 100vw, 500px\" \/><\/figure><div class=\"elementor-image-box-content\"><h3 class=\"elementor-image-box-title\">\u00dcbersetzungsservice<\/h3><p class=\"elementor-image-box-description\">Berichte, Websites, Brosch\u00fcren, Pressemitteilungen, Vertr\u00e4ge, Studien, Fachtexte, beeidigte und beglaubigte \u00dcbersetzungen.<\/p><\/div><\/div>\t\t\t\t<\/div>\n\t\t\t\t<div class=\"elementor-element elementor-element-ee1718a elementor-align-center elementor-widget elementor-widget-button\" data-id=\"ee1718a\" data-element_type=\"widget\" data-e-type=\"widget\" data-widget_type=\"button.default\">\n\t\t\t\t\t\t\t\t\t\t<a class=\"elementor-button elementor-button-link elementor-size-sm\" href=\"https:\/\/www.eurideas.com\/de\/services\/translation-services\/\">\n\t\t\t\t\t\t<span class=\"elementor-button-content-wrapper\">\n\t\t\t\t\t\t\t\t\t<span class=\"elementor-button-text\">MEHR ERFAHREN<\/span>\n\t\t\t\t\t<\/span>\n\t\t\t\t\t<\/a>\n\t\t\t\t\t\t\t\t<\/div>\n\t\t\t\t<\/div>\n\t\t<div class=\"elementor-element elementor-element-0206d1b e-con-full animated-fast e-flex elementor-invisible e-con e-child\" data-id=\"0206d1b\" data-element_type=\"container\" data-e-type=\"container\" data-settings=\"{&quot;background_background&quot;:&quot;classic&quot;,&quot;animation&quot;:&quot;fadeInUp&quot;,&quot;animation_mobile&quot;:&quot;fadeInRight&quot;}\">\n\t\t\t\t<div class=\"elementor-element elementor-element-28a1f58 elementor-position-top elementor-widget elementor-widget-image-box\" data-id=\"28a1f58\" data-element_type=\"widget\" data-e-type=\"widget\" data-widget_type=\"image-box.default\">\n\t\t\t\t\t<div class=\"elementor-image-box-wrapper\"><figure class=\"elementor-image-box-img\"><img decoding=\"async\" width=\"500\" height=\"500\" src=\"https:\/\/www.eurideas.com\/wp-content\/uploads\/2025\/12\/ai-translation-icon.webp\" class=\"attachment-full size-full wp-image-22201\" alt=\"\" srcset=\"https:\/\/www.eurideas.com\/wp-content\/uploads\/2025\/12\/ai-translation-icon.webp 500w, https:\/\/www.eurideas.com\/wp-content\/uploads\/2025\/12\/ai-translation-icon-300x300.webp 300w, https:\/\/www.eurideas.com\/wp-content\/uploads\/2025\/12\/ai-translation-icon-150x150.webp 150w\" sizes=\"(max-width: 500px) 100vw, 500px\" \/><\/figure><div class=\"elementor-image-box-content\"><h3 class=\"elementor-image-box-title\">KI-\u00dcbersetzung mit Post-Editing<\/h3><p class=\"elementor-image-box-description\">Berichte, Websites, Brosch\u00fcren, Pressemitteilungen, Vertr\u00e4ge, Studien, Fachtexte, beeidigte und beglaubigte \u00dcbersetzungen.<\/p><\/div><\/div>\t\t\t\t<\/div>\n\t\t\t\t<div class=\"elementor-element elementor-element-379c603 elementor-align-center elementor-widget elementor-widget-button\" data-id=\"379c603\" data-element_type=\"widget\" data-e-type=\"widget\" data-widget_type=\"button.default\">\n\t\t\t\t\t\t\t\t\t\t<a class=\"elementor-button elementor-button-link elementor-size-sm\" href=\"https:\/\/www.eurideas.com\/de\/services\/ai-translation-services\/\">\n\t\t\t\t\t\t<span class=\"elementor-button-content-wrapper\">\n\t\t\t\t\t\t\t\t\t<span class=\"elementor-button-text\">MEHR ERFAHREN<\/span>\n\t\t\t\t\t<\/span>\n\t\t\t\t\t<\/a>\n\t\t\t\t\t\t\t\t<\/div>\n\t\t\t\t<\/div>\n\t\t<div class=\"elementor-element elementor-element-e9ac05e e-con-full animated-fast e-flex elementor-invisible e-con e-child\" data-id=\"e9ac05e\" data-element_type=\"container\" data-e-type=\"container\" data-settings=\"{&quot;background_background&quot;:&quot;classic&quot;,&quot;animation&quot;:&quot;fadeInUp&quot;,&quot;animation_mobile&quot;:&quot;fadeInRight&quot;}\">\n\t\t\t\t<div class=\"elementor-element elementor-element-16f2799 elementor-position-top elementor-widget elementor-widget-image-box\" data-id=\"16f2799\" data-element_type=\"widget\" data-e-type=\"widget\" data-widget_type=\"image-box.default\">\n\t\t\t\t\t<div class=\"elementor-image-box-wrapper\"><figure class=\"elementor-image-box-img\"><img decoding=\"async\" width=\"500\" height=\"500\" src=\"https:\/\/www.eurideas.com\/wp-content\/uploads\/2025\/12\/interpretation-icon.webp\" class=\"attachment-full size-full wp-image-22202\" alt=\"\" srcset=\"https:\/\/www.eurideas.com\/wp-content\/uploads\/2025\/12\/interpretation-icon.webp 500w, https:\/\/www.eurideas.com\/wp-content\/uploads\/2025\/12\/interpretation-icon-300x300.webp 300w, https:\/\/www.eurideas.com\/wp-content\/uploads\/2025\/12\/interpretation-icon-150x150.webp 150w\" sizes=\"(max-width: 500px) 100vw, 500px\" \/><\/figure><div class=\"elementor-image-box-content\"><h3 class=\"elementor-image-box-title\">Dolmetschdienste<\/h3><p class=\"elementor-image-box-description\">Dolmetscheins\u00e4tze in Belgien, Deutschland, Frankreich, dem Vereinigten K\u00f6nigreich und vielen weiteren L\u00e4ndern, u. a. f\u00fcr das Europ\u00e4ische Parlament und die EU-Institutionen sowie auf zahllosen Konferenzen, Tagungen und Veranstaltungen.<\/p><\/div><\/div>\t\t\t\t<\/div>\n\t\t\t\t<div class=\"elementor-element elementor-element-1ace95c elementor-align-center elementor-widget elementor-widget-button\" data-id=\"1ace95c\" data-element_type=\"widget\" data-e-type=\"widget\" data-widget_type=\"button.default\">\n\t\t\t\t\t\t\t\t\t\t<a class=\"elementor-button elementor-button-link elementor-size-sm\" href=\"https:\/\/www.eurideas.com\/de\/services\/interpretation-services\/\">\n\t\t\t\t\t\t<span class=\"elementor-button-content-wrapper\">\n\t\t\t\t\t\t\t\t\t<span class=\"elementor-button-text\">MEHR ERFAHREN<\/span>\n\t\t\t\t\t<\/span>\n\t\t\t\t\t<\/a>\n\t\t\t\t\t\t\t\t<\/div>\n\t\t\t\t<\/div>\n\t\t<div class=\"elementor-element elementor-element-8114cd1 e-con-full animated-fast e-flex elementor-invisible e-con e-child\" data-id=\"8114cd1\" data-element_type=\"container\" data-e-type=\"container\" data-settings=\"{&quot;background_background&quot;:&quot;classic&quot;,&quot;animation&quot;:&quot;fadeInUp&quot;,&quot;animation_mobile&quot;:&quot;fadeInRight&quot;}\">\n\t\t\t\t<div class=\"elementor-element elementor-element-e13ffaf elementor-position-top elementor-widget elementor-widget-image-box\" data-id=\"e13ffaf\" data-element_type=\"widget\" data-e-type=\"widget\" data-widget_type=\"image-box.default\">\n\t\t\t\t\t<div class=\"elementor-image-box-wrapper\"><figure class=\"elementor-image-box-img\"><img loading=\"lazy\" decoding=\"async\" width=\"500\" height=\"500\" src=\"https:\/\/www.eurideas.com\/wp-content\/uploads\/2025\/12\/proofreading-icon.webp\" class=\"attachment-full size-full wp-image-22203\" alt=\"\" srcset=\"https:\/\/www.eurideas.com\/wp-content\/uploads\/2025\/12\/proofreading-icon.webp 500w, https:\/\/www.eurideas.com\/wp-content\/uploads\/2025\/12\/proofreading-icon-300x300.webp 300w, https:\/\/www.eurideas.com\/wp-content\/uploads\/2025\/12\/proofreading-icon-150x150.webp 150w\" sizes=\"(max-width: 500px) 100vw, 500px\" \/><\/figure><div class=\"elementor-image-box-content\"><h3 class=\"elementor-image-box-title\">Lektorat &amp; Korrektorat<\/h3><p class=\"elementor-image-box-description\">Professionelle Lektoratsdienste in zweisprachigen und einsprachigen Formaten, die auf die jeweiligen sprachlichen Anforderungen zugeschnitten sind.<\/p><\/div><\/div>\t\t\t\t<\/div>\n\t\t\t\t<div class=\"elementor-element elementor-element-3c4e80b elementor-align-center elementor-widget elementor-widget-button\" data-id=\"3c4e80b\" data-element_type=\"widget\" data-e-type=\"widget\" data-widget_type=\"button.default\">\n\t\t\t\t\t\t\t\t\t\t<a class=\"elementor-button elementor-button-link elementor-size-sm\" href=\"https:\/\/www.eurideas.com\/de\/services\/editing-and-proofreading-services\/\">\n\t\t\t\t\t\t<span class=\"elementor-button-content-wrapper\">\n\t\t\t\t\t\t\t\t\t<span class=\"elementor-button-text\">MEHR ERFAHREN<\/span>\n\t\t\t\t\t<\/span>\n\t\t\t\t\t<\/a>\n\t\t\t\t\t\t\t\t<\/div>\n\t\t\t\t<\/div>\n\t\t<div class=\"elementor-element elementor-element-b12452d e-con-full animated-fast e-flex elementor-invisible e-con e-child\" data-id=\"b12452d\" data-element_type=\"container\" data-e-type=\"container\" data-settings=\"{&quot;background_background&quot;:&quot;classic&quot;,&quot;animation&quot;:&quot;fadeInUp&quot;,&quot;animation_mobile&quot;:&quot;fadeInRight&quot;}\">\n\t\t\t\t<div class=\"elementor-element elementor-element-5c5ba1a elementor-position-top elementor-widget elementor-widget-image-box\" data-id=\"5c5ba1a\" data-element_type=\"widget\" data-e-type=\"widget\" data-widget_type=\"image-box.default\">\n\t\t\t\t\t<div class=\"elementor-image-box-wrapper\"><figure class=\"elementor-image-box-img\"><img loading=\"lazy\" decoding=\"async\" width=\"500\" height=\"500\" src=\"https:\/\/www.eurideas.com\/wp-content\/uploads\/2025\/12\/layout-design-icon.webp\" class=\"attachment-full size-full wp-image-22204\" alt=\"\" srcset=\"https:\/\/www.eurideas.com\/wp-content\/uploads\/2025\/12\/layout-design-icon.webp 500w, https:\/\/www.eurideas.com\/wp-content\/uploads\/2025\/12\/layout-design-icon-300x300.webp 300w, https:\/\/www.eurideas.com\/wp-content\/uploads\/2025\/12\/layout-design-icon-150x150.webp 150w\" sizes=\"(max-width: 500px) 100vw, 500px\" \/><\/figure><div class=\"elementor-image-box-content\"><h3 class=\"elementor-image-box-title\">Layoutgestaltung &amp; mehrsprachiger Satz (DTP)<\/h3><p class=\"elementor-image-box-description\">Druckfertige Brosch\u00fcren und Prospekte \u2013 \u00dcbersetzungen direkt in die Druckvorlage integriert oder im mehrsprachigen Schriftsatz umgesetzt.<\/p><\/div><\/div>\t\t\t\t<\/div>\n\t\t\t\t<div class=\"elementor-element elementor-element-e152b61 elementor-align-center elementor-widget elementor-widget-button\" data-id=\"e152b61\" data-element_type=\"widget\" data-e-type=\"widget\" data-widget_type=\"button.default\">\n\t\t\t\t\t\t\t\t\t\t<a class=\"elementor-button elementor-button-link elementor-size-sm\" href=\"https:\/\/www.eurideas.com\/de\/services\/layout-design-multilingual-typesetting-services\/\">\n\t\t\t\t\t\t<span class=\"elementor-button-content-wrapper\">\n\t\t\t\t\t\t\t\t\t<span class=\"elementor-button-text\">MEHR ERFAHREN<\/span>\n\t\t\t\t\t<\/span>\n\t\t\t\t\t<\/a>\n\t\t\t\t\t\t\t\t<\/div>\n\t\t\t\t<\/div>\n\t\t<div class=\"elementor-element elementor-element-ce4f98e e-con-full animated-fast e-flex elementor-invisible e-con e-child\" data-id=\"ce4f98e\" data-element_type=\"container\" data-e-type=\"container\" data-settings=\"{&quot;background_background&quot;:&quot;classic&quot;,&quot;animation&quot;:&quot;fadeInUp&quot;,&quot;animation_mobile&quot;:&quot;fadeInRight&quot;}\">\n\t\t\t\t<div class=\"elementor-element elementor-element-6e88788 elementor-position-top elementor-widget elementor-widget-image-box\" data-id=\"6e88788\" data-element_type=\"widget\" data-e-type=\"widget\" data-widget_type=\"image-box.default\">\n\t\t\t\t\t<div class=\"elementor-image-box-wrapper\"><figure class=\"elementor-image-box-img\"><img loading=\"lazy\" decoding=\"async\" width=\"500\" height=\"500\" src=\"https:\/\/www.eurideas.com\/wp-content\/uploads\/2025\/12\/transcription-icon.webp\" class=\"attachment-full size-full wp-image-22205\" alt=\"\" srcset=\"https:\/\/www.eurideas.com\/wp-content\/uploads\/2025\/12\/transcription-icon.webp 500w, https:\/\/www.eurideas.com\/wp-content\/uploads\/2025\/12\/transcription-icon-300x300.webp 300w, https:\/\/www.eurideas.com\/wp-content\/uploads\/2025\/12\/transcription-icon-150x150.webp 150w\" sizes=\"(max-width: 500px) 100vw, 500px\" \/><\/figure><div class=\"elementor-image-box-content\"><h3 class=\"elementor-image-box-title\">Transkriptionsdienste<\/h3><p class=\"elementor-image-box-description\">Transkription und \u00dcbersetzung von Audio- und Videoinhalten \u2013 f\u00fcr eine genaue und klare Kommunikation.<\/p><\/div><\/div>\t\t\t\t<\/div>\n\t\t\t\t<div class=\"elementor-element elementor-element-8de6685 elementor-align-center elementor-widget elementor-widget-button\" data-id=\"8de6685\" data-element_type=\"widget\" data-e-type=\"widget\" data-widget_type=\"button.default\">\n\t\t\t\t\t\t\t\t\t\t<a class=\"elementor-button elementor-button-link elementor-size-sm\" href=\"https:\/\/www.eurideas.com\/de\/services\/transcription-and-subtitling-services\/\">\n\t\t\t\t\t\t<span class=\"elementor-button-content-wrapper\">\n\t\t\t\t\t\t\t\t\t<span class=\"elementor-button-text\">MEHR ERFAHREN<\/span>\n\t\t\t\t\t<\/span>\n\t\t\t\t\t<\/a>\n\t\t\t\t\t\t\t\t<\/div>\n\t\t\t\t<\/div>\n\t\t\t\t<\/div>\n\t\t\t\t\t<\/div>\n\t\t\t\t<\/div>\n\t\t\t\t<\/div>","protected":false},"excerpt":{"rendered":"<p>Our Services Comprehensive solutions for translation, global communication, and content services tailored to meet your unique needs and bridge language and cultural barriers effectively. Translation Reports, websites, brochures, press releases, contracts, studies, technical texts, sworn and legalized translations. LEARN MORE AI Translation Reports, websites, brochures, press releases, contracts, studies, technical texts, sworn and legalized translations. [&hellip;]<\/p>\n","protected":false},"author":9,"featured_media":22269,"parent":0,"menu_order":3,"comment_status":"closed","ping_status":"closed","template":"","meta":{"inline_featured_image":false,"footnotes":""},"class_list":["post-5333","page","type-page","status-publish","has-post-thumbnail","hentry"],"_links":{"self":[{"href":"https:\/\/www.eurideas.com\/de\/wp-json\/wp\/v2\/pages\/5333","targetHints":{"allow":["GET"]}}],"collection":[{"href":"https:\/\/www.eurideas.com\/de\/wp-json\/wp\/v2\/pages"}],"about":[{"href":"https:\/\/www.eurideas.com\/de\/wp-json\/wp\/v2\/types\/page"}],"author":[{"embeddable":true,"href":"https:\/\/www.eurideas.com\/de\/wp-json\/wp\/v2\/users\/9"}],"replies":[{"embeddable":true,"href":"https:\/\/www.eurideas.com\/de\/wp-json\/wp\/v2\/comments?post=5333"}],"version-history":[{"count":19,"href":"https:\/\/www.eurideas.com\/de\/wp-json\/wp\/v2\/pages\/5333\/revisions"}],"predecessor-version":[{"id":23296,"href":"https:\/\/www.eurideas.com\/de\/wp-json\/wp\/v2\/pages\/5333\/revisions\/23296"}],"wp:featuredmedia":[{"embeddable":true,"href":"https:\/\/www.eurideas.com\/de\/wp-json\/wp\/v2\/media\/22269"}],"wp:attachment":[{"href":"https:\/\/www.eurideas.com\/de\/wp-json\/wp\/v2\/media?parent=5333"}],"curies":[{"name":"wp","href":"https:\/\/api.w.org\/{rel}","templated":true}]}}