{"id":18275,"date":"2025-03-11T21:46:05","date_gmt":"2025-03-11T21:46:05","guid":{"rendered":"https:\/\/www.eurideas.com\/?page_id=18275"},"modified":"2026-02-02T11:57:34","modified_gmt":"2026-02-02T10:57:34","slug":"cookie-policy","status":"publish","type":"page","link":"https:\/\/www.eurideas.com\/fr\/cookie-policy\/","title":{"rendered":"Our cookie policy"},"content":{"rendered":"<div data-elementor-type=\"wp-page\" data-elementor-id=\"18275\" class=\"elementor elementor-18275\" data-elementor-post-type=\"page\">\n\t\t\t\t<div class=\"elementor-element elementor-element-3f1d0be e-flex e-con-boxed e-con e-parent\" data-id=\"3f1d0be\" data-element_type=\"container\" data-e-type=\"container\">\n\t\t\t\t\t<div class=\"e-con-inner\">\n\t\t\t\t<div class=\"elementor-element elementor-element-ffd9f12 elementor-widget elementor-widget-heading\" data-id=\"ffd9f12\" data-element_type=\"widget\" data-e-type=\"widget\" data-widget_type=\"heading.default\">\n\t\t\t\t\t<h1 class=\"elementor-heading-title elementor-size-default\">Politique en mati\u00e8re de cookies<\/h1>\t\t\t\t<\/div>\n\t\t\t\t\t<\/div>\n\t\t\t\t<\/div>\n\t\t<div class=\"elementor-element elementor-element-b3d0023 e-flex e-con-boxed e-con e-parent\" data-id=\"b3d0023\" data-element_type=\"container\" data-e-type=\"container\">\n\t\t\t\t\t<div class=\"e-con-inner\">\n\t\t\t\t<div class=\"elementor-element elementor-element-0da1fe1 elementor-widget elementor-widget-text-editor\" data-id=\"0da1fe1\" data-element_type=\"widget\" data-e-type=\"widget\" data-widget_type=\"text-editor.default\">\n\t\t\t\t\t\t\t\t\t<p><strong>Date d'entr\u00e9e en vigueur : 12-Mar-2025<\/strong><br \/><strong>Derni\u00e8re mise \u00e0 jour : 29-Dec-2025<\/strong><\/p><h2><b>Qu'est-ce qu'un cookie ?<\/b><\/h2><p>La pr\u00e9sente politique en mati\u00e8re de cookies explique ce que sont les cookies, comment nous les utilisons, les types de cookies que nous utilisons, les informations qu'ils collectent et comment vous pouvez g\u00e9rer vos pr\u00e9f\u00e9rences en mati\u00e8re de cookies.<\/p><p>La pr\u00e9sente politique en mati\u00e8re de cookies explique ce que sont les cookies, comment nous les utilisons, les types de cookies que nous utilisons, les informations qu'ils collectent et comment vous pouvez g\u00e9rer vos pr\u00e9f\u00e9rences en mati\u00e8re de cookies.<\/p><h2><b>Comment utilisons-nous les cookies ?<\/b><\/h2><p>Comme la plupart des sites web, nous utilisons \u00e0 la fois des cookies de premi\u00e8re partie et de tierce partie :<\/p><ul><li style=\"font-weight: 400;\" aria-level=\"1\"><span style=\"font-weight: 400;\">Les cookies de premi\u00e8re partie sont essentiels au bon fonctionnement du site web. Ils ne collectent pas de donn\u00e9es d\u2019identification.<\/span><\/li><li style=\"font-weight: 400;\" aria-level=\"1\"><span style=\"font-weight: 400;\">Les cookies tiers sont utilis\u00e9s pour nous aider \u00e0 comprendre le comportement des utilisateurs, surveiller les performances du site web, assurer la s\u00e9curit\u00e9 du site web, fournir des publicit\u00e9s pertinentes et am\u00e9liorer vos interactions futures avec notre site web.\u00a0<\/span><\/li><\/ul><h2><strong>G\u00e9rer les pr\u00e9f\u00e9rences en mati\u00e8re de cookies<\/strong><\/h2><p>Vous pouvez modifier vos pr\u00e9f\u00e9rences en mati\u00e8re de cookies \u00e0 tout moment en cliquant sur le bouton \u00ab Param\u00e8tres des cookies \u00bb. Cela vous permet de revenir sur le bandeau relatif aux cookies, de modifier vos pr\u00e9f\u00e9rences ou de retirer votre consentement concernant ceux-c<\/p><p>En outre, vous pouvez g\u00e9rer ou supprimer les cookies directement dans les param\u00e8tres de votre navigateur. Vous trouverez ci-dessous des liens vers des instructions pour g\u00e9rer les cookies dans les navigateurs les plus couramment utilis\u00e9s :<\/p><ul><li style=\"font-weight: 400;\" aria-level=\"1\"><span style=\"text-decoration: underline;\"><a href=\"https:\/\/support.google.com\/accounts\/answer\/32050\" target=\"_blank\" rel=\"noopener\"><span style=\"font-weight: 400;\">Chrome<\/span><\/a><\/span><\/li><li style=\"font-weight: 400;\" aria-level=\"1\"><span style=\"text-decoration: underline;\"><a href=\"https:\/\/support.apple.com\/en-in\/guide\/safari\/sfri11471\/mac\" target=\"_blank\" rel=\"noopener\"><span style=\"font-weight: 400;\">Safari<\/span><\/a><\/span><\/li><li style=\"font-weight: 400;\" aria-level=\"1\"><span style=\"text-decoration: underline;\"><a href=\"https:\/\/support.mozilla.org\/en-US\/kb\/clear-cookies-and-site-data-firefox\" target=\"_blank\" rel=\"noopener\"><span style=\"font-weight: 400;\">Firefox<\/span><\/a><\/span><\/li><li style=\"font-weight: 400;\" aria-level=\"1\"><span style=\"text-decoration: underline;\"><a href=\"https:\/\/support.microsoft.com\/en-us\/topic\/how-to-delete-cookie-files-in-internet-explorer-bca9446f-d873-78de-77ba-d42645fa52fc\" target=\"_blank\" rel=\"noopener\"><span style=\"font-weight: 400;\">Internet Explorer<\/span><\/a><\/span><\/li><\/ul><p><span style=\"font-weight: 400;\">Si vous utilisez un autre navigateur, veuillez consulter la documentation officielle pour obtenir des conseils.<\/span><\/p>\t\t\t\t\t\t\t\t<\/div>\n\t\t\t\t\t<\/div>\n\t\t\t\t<\/div>\n\t\t\t\t<\/div>","protected":false},"excerpt":{"rendered":"<p>Cookie Policy Effective Date: 12-Mar-2025Last Updated: 29-Dec-2025 What are cookies? This Cookie Policy explains what cookies are, how we use them, the types of cookies we use, the information they collect, and how you can manage your cookie preferences. Cookies are small text files that are stored on your device when a website is loaded [&hellip;]<\/p>\n","protected":false},"author":1,"featured_media":0,"parent":0,"menu_order":19,"comment_status":"closed","ping_status":"closed","template":"","meta":{"inline_featured_image":false,"footnotes":""},"class_list":["post-18275","page","type-page","status-publish","hentry"],"_links":{"self":[{"href":"https:\/\/www.eurideas.com\/fr\/wp-json\/wp\/v2\/pages\/18275","targetHints":{"allow":["GET"]}}],"collection":[{"href":"https:\/\/www.eurideas.com\/fr\/wp-json\/wp\/v2\/pages"}],"about":[{"href":"https:\/\/www.eurideas.com\/fr\/wp-json\/wp\/v2\/types\/page"}],"author":[{"embeddable":true,"href":"https:\/\/www.eurideas.com\/fr\/wp-json\/wp\/v2\/users\/1"}],"replies":[{"embeddable":true,"href":"https:\/\/www.eurideas.com\/fr\/wp-json\/wp\/v2\/comments?post=18275"}],"version-history":[{"count":22,"href":"https:\/\/www.eurideas.com\/fr\/wp-json\/wp\/v2\/pages\/18275\/revisions"}],"predecessor-version":[{"id":23781,"href":"https:\/\/www.eurideas.com\/fr\/wp-json\/wp\/v2\/pages\/18275\/revisions\/23781"}],"wp:attachment":[{"href":"https:\/\/www.eurideas.com\/fr\/wp-json\/wp\/v2\/media?parent=18275"}],"curies":[{"name":"wp","href":"https:\/\/api.w.org\/{rel}","templated":true}]}}